{"id":355,"date":"2018-02-08T16:00:12","date_gmt":"2018-02-08T15:00:12","guid":{"rendered":"https:\/\/www.dffb.de\/?page_id=355"},"modified":"2025-01-28T08:31:07","modified_gmt":"2025-01-28T07:31:07","slug":"projects","status":"publish","type":"page","link":"https:\/\/www.dffb.de\/en\/projects\/","title":{"rendered":"Projects"},"content":{"rendered":"","protected":false},"excerpt":{"rendered":"","protected":false},"author":23,"featured_media":17430,"parent":0,"menu_order":0,"comment_status":"closed","ping_status":"closed","template":"","meta":{"_acf_changed":false,"wp_typography_post_enhancements_disabled":false,"footnotes":""},"class_list":["post-355","page","type-page","status-publish","has-post-thumbnail","hentry"],"acf":{"info_page_content":"The DFFB has always been an international institution\u2014not only through the presence of students from all corners of the world, but through exchange programmes with international film schools. The DFFB has connections to the London Film School, La F\u00e9mis in Paris, Columbia University School of the Arts in New York, the California Institute of the Arts in Los Angeles, FAMU in Prague, <a href=\"https:\/\/en.wikipedia.org\/wiki\/%C5%81%C3%B3d%C5%BA\">\u0141\u00f3d\u017a<\/a> Film School, and the National Film School of Denmark.\r\n<h2><strong>Memeberships<\/strong><\/h2>\r\nThe DFFB is a member of the following organisations: CILECT (the International Association of Film and Television Schools), the European association GEECT and media:net berlinbrandenburg, (a regional network of the media and digital economy in Berlin\/Brandenburg).\r\n<h2><strong>Postgraduate Programme<\/strong><\/h2>\r\nWith the postgraduate programm <a href=\"https:\/\/www.dffb.de\/projects\/serial-eyes\/?lang=en\">SERIAL EYES<\/a>, the DFFB is offering professional training <span style=\"font-size: 1rem;\">with a focus on developing innovative television series in the Writers' Room. Networking between participants is a priority.<\/span>\r\n\r\nThe externally funded project works independently, but is an important part of the DFFB family, as it offers DFFB students access to other subject areas and brings creative forces from outside to the DFFB.\r\n\r\nYou find information about public events or online talks in our events section.\r\n\r\n&nbsp;","custom_page_menu":"<a href=\"https:\/\/www.dffb.de\/projects\/serial-eyes\/?lang=en\">Serial Eyes<\/a>\r\n\r\n&nbsp;","flex_content_on_pages":[{"acf_fc_layout":"zeile_mit_boxen","linke_box":"<h1 style=\"text-align: center;\">DFFB PROJECTS<\/h1>","rechte_box":"<h2 style=\"text-align: center;\">With our postgraduate programme SERIAL EYES, the DFFB focuses on extented spezialisation within scriptwriting and writing in the Writer's Room but also in networking and collaboration between young writers and the industry.<\/h2>"}],"personen_hinzufugen":[118]},"yoast_head":"<!-- This site is optimized with the Yoast SEO plugin v26.8 - https:\/\/yoast.com\/product\/yoast-seo-wordpress\/ -->\n<title>Projects - DFFB<\/title>\n<meta name=\"robots\" content=\"index, follow, max-snippet:-1, max-image-preview:large, max-video-preview:-1\" \/>\n<link rel=\"canonical\" href=\"https:\/\/www.dffb.de\/en\/projects\/\" \/>\n<meta property=\"og:locale\" content=\"en_US\" \/>\n<meta property=\"og:type\" content=\"article\" \/>\n<meta property=\"og:title\" content=\"Projects - DFFB\" \/>\n<meta property=\"og:url\" content=\"https:\/\/www.dffb.de\/en\/projects\/\" \/>\n<meta property=\"og:site_name\" content=\"DFFB\" \/>\n<meta property=\"article:publisher\" content=\"https:\/\/www.facebook.com\/deutschefilmundfernsehakademieberlin\/\" \/>\n<meta property=\"article:modified_time\" content=\"2025-01-28T07:31:07+00:00\" \/>\n<meta property=\"og:image\" content=\"https:\/\/www.dffb.de\/wp-content\/uploads\/2018\/03\/UpGrade_2015-07-29_Edmond_DSC00835.jpg\" \/>\n\t<meta property=\"og:image:width\" content=\"2500\" \/>\n\t<meta property=\"og:image:height\" content=\"1667\" \/>\n\t<meta property=\"og:image:type\" content=\"image\/jpeg\" \/>\n<meta name=\"twitter:card\" content=\"summary_large_image\" \/>\n<meta name=\"twitter:label1\" content=\"Est. reading time\" \/>\n\t<meta name=\"twitter:data1\" content=\"1 minute\" \/>\n<script type=\"application\/ld+json\" class=\"yoast-schema-graph\">{\"@context\":\"https:\/\/schema.org\",\"@graph\":[{\"@type\":\"WebPage\",\"@id\":\"https:\/\/www.dffb.de\/en\/projects\/\",\"url\":\"https:\/\/www.dffb.de\/en\/projects\/\",\"name\":\"Projects - DFFB\",\"isPartOf\":{\"@id\":\"https:\/\/www.dffb.de\/#website\"},\"primaryImageOfPage\":{\"@id\":\"https:\/\/www.dffb.de\/en\/projects\/#primaryimage\"},\"image\":{\"@id\":\"https:\/\/www.dffb.de\/en\/projects\/#primaryimage\"},\"thumbnailUrl\":\"https:\/\/www.dffb.de\/wp-content\/uploads\/2018\/03\/UpGrade_2015-07-29_Edmond_DSC00835.jpg\",\"datePublished\":\"2018-02-08T15:00:12+00:00\",\"dateModified\":\"2025-01-28T07:31:07+00:00\",\"breadcrumb\":{\"@id\":\"https:\/\/www.dffb.de\/en\/projects\/#breadcrumb\"},\"inLanguage\":\"en-US\",\"potentialAction\":[{\"@type\":\"ReadAction\",\"target\":[\"https:\/\/www.dffb.de\/en\/projects\/\"]}]},{\"@type\":\"ImageObject\",\"inLanguage\":\"en-US\",\"@id\":\"https:\/\/www.dffb.de\/en\/projects\/#primaryimage\",\"url\":\"https:\/\/www.dffb.de\/wp-content\/uploads\/2018\/03\/UpGrade_2015-07-29_Edmond_DSC00835.jpg\",\"contentUrl\":\"https:\/\/www.dffb.de\/wp-content\/uploads\/2018\/03\/UpGrade_2015-07-29_Edmond_DSC00835.jpg\",\"width\":2500,\"height\":1667},{\"@type\":\"BreadcrumbList\",\"@id\":\"https:\/\/www.dffb.de\/en\/projects\/#breadcrumb\",\"itemListElement\":[{\"@type\":\"ListItem\",\"position\":1,\"name\":\"Startseite\",\"item\":\"https:\/\/www.dffb.de\/en\/\"},{\"@type\":\"ListItem\",\"position\":2,\"name\":\"Projects\"}]},{\"@type\":\"WebSite\",\"@id\":\"https:\/\/www.dffb.de\/#website\",\"url\":\"https:\/\/www.dffb.de\/\",\"name\":\"DFFB\",\"description\":\"Deutsche Film- und Fernsehakademie Berlin\",\"publisher\":{\"@id\":\"https:\/\/www.dffb.de\/#organization\"},\"potentialAction\":[{\"@type\":\"SearchAction\",\"target\":{\"@type\":\"EntryPoint\",\"urlTemplate\":\"https:\/\/www.dffb.de\/?s={search_term_string}\"},\"query-input\":{\"@type\":\"PropertyValueSpecification\",\"valueRequired\":true,\"valueName\":\"search_term_string\"}}],\"inLanguage\":\"en-US\"},{\"@type\":\"Organization\",\"@id\":\"https:\/\/www.dffb.de\/#organization\",\"name\":\"Deutsche Film- und Fernsehakademie Berlin\",\"url\":\"https:\/\/www.dffb.de\/\",\"logo\":{\"@type\":\"ImageObject\",\"inLanguage\":\"en-US\",\"@id\":\"https:\/\/www.dffb.de\/#\/schema\/logo\/image\/\",\"url\":\"https:\/\/www.dffb.de\/wp-content\/uploads\/2018\/11\/DFFB-LOGO-RGB-SCHWARZ-ab-40mm.jpg\",\"contentUrl\":\"https:\/\/www.dffb.de\/wp-content\/uploads\/2018\/11\/DFFB-LOGO-RGB-SCHWARZ-ab-40mm.jpg\",\"width\":3000,\"height\":982,\"caption\":\"Deutsche Film- und Fernsehakademie Berlin\"},\"image\":{\"@id\":\"https:\/\/www.dffb.de\/#\/schema\/logo\/image\/\"},\"sameAs\":[\"https:\/\/www.facebook.com\/deutschefilmundfernsehakademieberlin\/\",\"https:\/\/www.instagram.com\/dffb_berlin_filmschool\/\"]}]}<\/script>\n<!-- \/ Yoast SEO plugin. -->","yoast_head_json":{"title":"Projects - DFFB","robots":{"index":"index","follow":"follow","max-snippet":"max-snippet:-1","max-image-preview":"max-image-preview:large","max-video-preview":"max-video-preview:-1"},"canonical":"https:\/\/www.dffb.de\/en\/projects\/","og_locale":"en_US","og_type":"article","og_title":"Projects - DFFB","og_url":"https:\/\/www.dffb.de\/en\/projects\/","og_site_name":"DFFB","article_publisher":"https:\/\/www.facebook.com\/deutschefilmundfernsehakademieberlin\/","article_modified_time":"2025-01-28T07:31:07+00:00","og_image":[{"width":2500,"height":1667,"url":"https:\/\/www.dffb.de\/wp-content\/uploads\/2018\/03\/UpGrade_2015-07-29_Edmond_DSC00835.jpg","type":"image\/jpeg"}],"twitter_card":"summary_large_image","twitter_misc":{"Est. reading time":"1 minute"},"schema":{"@context":"https:\/\/schema.org","@graph":[{"@type":"WebPage","@id":"https:\/\/www.dffb.de\/en\/projects\/","url":"https:\/\/www.dffb.de\/en\/projects\/","name":"Projects - DFFB","isPartOf":{"@id":"https:\/\/www.dffb.de\/#website"},"primaryImageOfPage":{"@id":"https:\/\/www.dffb.de\/en\/projects\/#primaryimage"},"image":{"@id":"https:\/\/www.dffb.de\/en\/projects\/#primaryimage"},"thumbnailUrl":"https:\/\/www.dffb.de\/wp-content\/uploads\/2018\/03\/UpGrade_2015-07-29_Edmond_DSC00835.jpg","datePublished":"2018-02-08T15:00:12+00:00","dateModified":"2025-01-28T07:31:07+00:00","breadcrumb":{"@id":"https:\/\/www.dffb.de\/en\/projects\/#breadcrumb"},"inLanguage":"en-US","potentialAction":[{"@type":"ReadAction","target":["https:\/\/www.dffb.de\/en\/projects\/"]}]},{"@type":"ImageObject","inLanguage":"en-US","@id":"https:\/\/www.dffb.de\/en\/projects\/#primaryimage","url":"https:\/\/www.dffb.de\/wp-content\/uploads\/2018\/03\/UpGrade_2015-07-29_Edmond_DSC00835.jpg","contentUrl":"https:\/\/www.dffb.de\/wp-content\/uploads\/2018\/03\/UpGrade_2015-07-29_Edmond_DSC00835.jpg","width":2500,"height":1667},{"@type":"BreadcrumbList","@id":"https:\/\/www.dffb.de\/en\/projects\/#breadcrumb","itemListElement":[{"@type":"ListItem","position":1,"name":"Startseite","item":"https:\/\/www.dffb.de\/en\/"},{"@type":"ListItem","position":2,"name":"Projects"}]},{"@type":"WebSite","@id":"https:\/\/www.dffb.de\/#website","url":"https:\/\/www.dffb.de\/","name":"DFFB","description":"Deutsche Film- und Fernsehakademie Berlin","publisher":{"@id":"https:\/\/www.dffb.de\/#organization"},"potentialAction":[{"@type":"SearchAction","target":{"@type":"EntryPoint","urlTemplate":"https:\/\/www.dffb.de\/?s={search_term_string}"},"query-input":{"@type":"PropertyValueSpecification","valueRequired":true,"valueName":"search_term_string"}}],"inLanguage":"en-US"},{"@type":"Organization","@id":"https:\/\/www.dffb.de\/#organization","name":"Deutsche Film- und Fernsehakademie Berlin","url":"https:\/\/www.dffb.de\/","logo":{"@type":"ImageObject","inLanguage":"en-US","@id":"https:\/\/www.dffb.de\/#\/schema\/logo\/image\/","url":"https:\/\/www.dffb.de\/wp-content\/uploads\/2018\/11\/DFFB-LOGO-RGB-SCHWARZ-ab-40mm.jpg","contentUrl":"https:\/\/www.dffb.de\/wp-content\/uploads\/2018\/11\/DFFB-LOGO-RGB-SCHWARZ-ab-40mm.jpg","width":3000,"height":982,"caption":"Deutsche Film- und Fernsehakademie Berlin"},"image":{"@id":"https:\/\/www.dffb.de\/#\/schema\/logo\/image\/"},"sameAs":["https:\/\/www.facebook.com\/deutschefilmundfernsehakademieberlin\/","https:\/\/www.instagram.com\/dffb_berlin_filmschool\/"]}]}},"_links":{"self":[{"href":"https:\/\/www.dffb.de\/en\/wp-json\/wp\/v2\/pages\/355","targetHints":{"allow":["GET"]}}],"collection":[{"href":"https:\/\/www.dffb.de\/en\/wp-json\/wp\/v2\/pages"}],"about":[{"href":"https:\/\/www.dffb.de\/en\/wp-json\/wp\/v2\/types\/page"}],"author":[{"embeddable":true,"href":"https:\/\/www.dffb.de\/en\/wp-json\/wp\/v2\/users\/23"}],"replies":[{"embeddable":true,"href":"https:\/\/www.dffb.de\/en\/wp-json\/wp\/v2\/comments?post=355"}],"version-history":[{"count":5,"href":"https:\/\/www.dffb.de\/en\/wp-json\/wp\/v2\/pages\/355\/revisions"}],"predecessor-version":[{"id":49432,"href":"https:\/\/www.dffb.de\/en\/wp-json\/wp\/v2\/pages\/355\/revisions\/49432"}],"acf:post":[{"embeddable":true,"href":"https:\/\/www.dffb.de\/en\/wp-json\/wp\/v2\/person\/118"}],"wp:featuredmedia":[{"embeddable":true,"href":"https:\/\/www.dffb.de\/en\/wp-json\/wp\/v2\/media\/17430"}],"wp:attachment":[{"href":"https:\/\/www.dffb.de\/en\/wp-json\/wp\/v2\/media?parent=355"}],"curies":[{"name":"wp","href":"https:\/\/api.w.org\/{rel}","templated":true}]}}